{"id":8947,"date":"2025-07-02T10:49:52","date_gmt":"2025-07-02T08:49:52","guid":{"rendered":"https:\/\/www.satelliteoffice.de\/business-center-stuttgart\/"},"modified":"2026-01-29T11:17:35","modified_gmt":"2026-01-29T10:17:35","slug":"stuttgart","status":"publish","type":"page","link":"https:\/\/www.satelliteoffice.de\/en\/business-center\/stuttgart\/","title":{"rendered":"Business Center Stuttgart"},"content":{"rendered":"\n<h1>\n\t\t\tBusiness Center <br \/> in Stuttgart\t<\/h1>\n    Stuttgart\n<h2>\n\t\t\tIhr Business Center in Stuttgart &#8211;<br \/>flexibel und repr\u00e4sentativ\t<\/h2>\n\t\t\t<a href=\"\" role=\"button\" target=\"_self\" onclick=\"\">\n\t\t\t\t\t\t\t\t\t\t\t\t\t\t\t\t\t\t\t\t\t\tBrosch\u00fcre\n\t\t\t\t\t\t\t<\/a>\n\t\t\t<a href=\"#kontakt\" role=\"button\" target=\"_self\" onclick=\"\">\n\t\t\t\t\t\t\t\t\t\t\t\t\t\t\t\t\t\t\t\t\t\tAngebot anfordern\n\t\t\t\t\t\t\t<\/a>\n        Flexible B\u00fcromiete &#8211; Stilvolle B\u00fcror\u00e4ume stunden-, tage- oder monatsweise buchen.      \n        Virtual Office &amp; Gesch\u00e4ftsadresse &#8211; Repr\u00e4sentative Adresse mit B\u00fcroservice      \n        Telefon- und B\u00fcroservice &#8211; Professionelle Anrufe, Postannahme und Empfang vor Ort.      \n        Konferenzr\u00e4ume zur Miete &#8211; Moderne R\u00e4ume f\u00fcr Meetings, Workshops und Pr\u00e4sentationen.      \n        Premium Infrastruktur &#8211; Highspeed-Internet, Lounge-Bereiche und Business-Events.      \n\t<h5>Satellite Office\u00a0<strong>Business Center in Stuttgart\u00a0<\/strong>&#8211; hier steht Ihr Business im Zentrum des Geschehens<\/h5>\n<p>Das Satellite Office\u00a0<strong>Business Center in Stuttgart\u00a0<\/strong>ist die erste Adresse, wenn es um luxuri\u00f6se B\u00fcros und Workspaces geht. Ganz egal ob Einzel, &#8211; Team- oder Chefb\u00fcro oder imposanter Meetingraum, bei uns finden Sie die perfekte L\u00f6sung f\u00fcr sich und Ihr Unternehmen. So imposant das Business Center in Stuttgart, die sorgf\u00e4ltig ausgearbeitete Akustik, eine harmonische Farbwelt und die top moderne Office-Technik, machen Ihren Arbeitsplatz einzigartig. Kurze Vertragslaufzeiten bieten Ihnen maximale Flexibilit\u00e4t f\u00fcr sich und Ihr Business. Wir passen uns Ihrem Wachstum und Ihren Bed\u00fcrfnissen an &#8211; einschlie\u00dflich erstklassiger Serviceleistungen von A bis Z, damit Sie sich einzig und allein auf das Wesentliche konzentrieren k\u00f6nnen &#8211; auf Ihren Erfolg.<\/p>\n<p>Auf Wunsch erhalten Sie Zutritt in alle Satellite Office Center &#8211; mit der Membershipkarte. Standortvorteil nennen wir das. So k\u00f6nnen Sie mit Ihren Kunden Meetings abhalten oder selbst erstklassig arbeiten &#8211; \u00fcberall in Deutschland und der Schweiz.<\/p>\n                    <img decoding=\"async\" src=\"https:\/\/www.satelliteoffice.de\/wp-content\/uploads\/2025\/03\/2023-05-30DSC05868.webp\" alt=\"Gallery Image\"\/>\n                    <img decoding=\"async\" src=\"https:\/\/www.satelliteoffice.de\/wp-content\/uploads\/2025\/03\/2023-05-30DSC05831.webp\" alt=\"Gallery Image\"\/>\n                    <img decoding=\"async\" src=\"https:\/\/www.satelliteoffice.de\/wp-content\/uploads\/2025\/03\/2023-05-31DSC06647.webp\" alt=\"Gallery Image\"\/>\n                    <img decoding=\"async\" src=\"https:\/\/www.satelliteoffice.de\/wp-content\/uploads\/2025\/03\/STUTT_Bearbeitet_2560x170615.webp\" alt=\"Gallery Image\"\/>\n                            <img decoding=\"async\" src=\"https:\/\/www.satelliteoffice.de\/wp-content\/uploads\/2025\/03\/2023-05-30DSC05868.webp\" alt=\"Gallery Image\"\/>\n                    <img decoding=\"async\" src=\"https:\/\/www.satelliteoffice.de\/wp-content\/uploads\/2025\/03\/2023-05-30DSC05831.webp\" alt=\"Gallery Image\"\/>\n                    <img decoding=\"async\" src=\"https:\/\/www.satelliteoffice.de\/wp-content\/uploads\/2025\/03\/2023-05-31DSC06647.webp\" alt=\"Gallery Image\"\/>\n                    <img decoding=\"async\" src=\"https:\/\/www.satelliteoffice.de\/wp-content\/uploads\/2025\/03\/STUTT_Bearbeitet_2560x170615.webp\" alt=\"Gallery Image\"\/>\n                    <img decoding=\"async\" src=\"https:\/\/www.satelliteoffice.de\/wp-content\/uploads\/2025\/03\/2023-05-307R_06577.webp\" alt=\"Gallery Image\"\/>\n                    <img decoding=\"async\" src=\"https:\/\/www.satelliteoffice.de\/wp-content\/uploads\/2025\/03\/2023-05-307R_06357.webp\" alt=\"Gallery Image\"\/>\n                    <img decoding=\"async\" src=\"https:\/\/www.satelliteoffice.de\/wp-content\/uploads\/2025\/03\/STUTT_Bearbeitet_2560x170617.webp\" alt=\"Gallery Image\"\/>\n                    <img decoding=\"async\" src=\"https:\/\/www.satelliteoffice.de\/wp-content\/uploads\/2025\/03\/2023-05-31DSC06734.webp\" alt=\"Gallery Image\"\/>\n                            <img decoding=\"async\" src=\"https:\/\/www.satelliteoffice.de\/wp-content\/uploads\/2025\/03\/2023-05-307R_06577.webp\" alt=\"Gallery Image\"\/>\n                    <img decoding=\"async\" src=\"https:\/\/www.satelliteoffice.de\/wp-content\/uploads\/2025\/03\/2023-05-307R_06357.webp\" alt=\"Gallery Image\"\/>\n                    <img decoding=\"async\" src=\"https:\/\/www.satelliteoffice.de\/wp-content\/uploads\/2025\/03\/STUTT_Bearbeitet_2560x170617.webp\" alt=\"Gallery Image\"\/>\n                    <img decoding=\"async\" src=\"https:\/\/www.satelliteoffice.de\/wp-content\/uploads\/2025\/03\/2023-05-31DSC06734.webp\" alt=\"Gallery Image\"\/>\n\t<p>Keine Standorte gefunden<\/p>\n<h5>\n\t\t\tWarum Satellite Office?\t<\/h5>\n\t<p>Der Unterschied<\/p>\n<a href=\"https:\/\/www.satelliteoffice.de\/en\/puresilent\/\">\n        <img decoding=\"async\" src=\"https:\/\/www.satelliteoffice.de\/wp-content\/uploads\/2025\/03\/Size18-Typechevron-right-small.svg\"\/>\n        <p>pureSilent\u00ae<\/p>\n      <p>Wenn Sie sich ruhiges Deep Working w\u00fcnschen, werden Sie von pureSilent\u00ae begeistert sein.<\/p>\n<\/a>\n\t<p><strong data-start=\"29\" data-end=\"68\">Business Center in Stuttgart mieten<\/strong> &#8211; zentral an der K\u00f6nigstra\u00dfe, stilvoll und sofort bezugsf\u00e4hig. Mit unseren voll ausgestatteten B\u00fcror\u00e4umen erhalten Sie ein repr\u00e4sentatives <strong data-start=\"208\" data-end=\"227\">Business Center<\/strong>, professionelle Infrastruktur und pers\u00f6nliches Servicepaket &#8211; inklusive <strong data-start=\"300\" data-end=\"322\">Highspeed\u2011Internet<\/strong>, moderner Konferenztechnik und komfortabler Lounge. Ideal f\u00fcr Unternehmen, die im Business-Hotspot Stuttgart flexibel starten m\u00f6chten &#8211; ohne langfristige Mietbindung, aber mit maximaler Seriosit\u00e4t und individueller Betreuung.<\/p>\n\t\t\t\t Was ist ein Business Center?\n\t\t\t\t<p>Ein Business Center ist ein professionell ausgestattetes B\u00fcrogeb\u00e4ude mit flexiblen Mietoptionen f\u00fcr B\u00fcror\u00e4ume in Stuttgart, Konferenzr\u00e4ume in Stuttgart und B\u00fcroservices wie Empfang, Postbearbeitung, Telefonservice und IT-Infrastruktur &#8211; sofort bezugsfertig und skalierbar.<\/p>\n\t\t\t\t F\u00fcr wen eignet sich ein Business Center in Stuttgart?\n\t\t\t\t<p>Ideal f\u00fcr Start-ups, Berater:innen, Projektteams und internationale Unternehmen, die eine repr\u00e4sentative Adresse und flexible Arbeitspl\u00e4tze in Toplage suchen &#8211; ohne langfristige Mietvertr\u00e4ge.<\/p>\n\t\t\t\tWelche Vorteile bietet ein Business Center gegen\u00fcber einem klassischen B\u00fcro?\n\t\t\t\t<p>Keine Investitionskosten, kurze Laufzeiten, Premium-Services inklusive und sofortige Verf\u00fcgbarkeit &#8211; alles in einem stilvollen, professionellen Umfeld wie bei Satellite Office.<\/p>\n\t\t\t\tWas macht Satellite Office besser als andere Business Center?\n<p>Satellite Office setzt neue Ma\u00dfst\u00e4be: Exklusive Lagen, preisgekr\u00f6ntes pureSilent\u00ae-Design f\u00fcr maximale Konzentration, pers\u00f6nliche Betreuung statt Massenabfertigung und Zugang zu einem europaweiten Netzwerk. Bei uns trifft stilvolle Ruhe auf h\u00f6chste Effizienz.<\/p>\n\t\t\t\tWie flexibel ist die Nutzung eines Business Centers bei Satellite Office?\n\t\t\t\t<p>Ob tageweise, monatsweise oder langfristig &#8211; Sie entscheiden. Dank kurzer K\u00fcndigungsfristen und modularer Angebote passen sich unsere R\u00e4ume und Services jederzeit Ihrem Gesch\u00e4ftsverlauf an.<\/p>\n<h2>\n\t\t\tWeitere Satellite Office Business Center\t<\/h2>\n\t    <div class=\"satellite-carousel-wrapper\" style=\"position: relative; overflow-x: hidden;\">\n        <div class=\"satellite-carousel-track\" style=\"display: flex; gap: 20px; overflow-x: auto; scroll-behavior: smooth;\">\n                            <a href=\"https:\/\/www.satelliteoffice.de\/en\/locations\/stuttgart\/k35\/\" class=\"satellite-center-card\" style=\"background-image: url('https:\/\/www.satelliteoffice.de\/wp-content\/uploads\/2025\/03\/2023-05-317R_06629.webp'); width: 338px; flex-shrink: 0; text-decoration: none;\">\n                    <div class=\"satellite-center-card-content-dark\">\n                        <div class=\"satellite-center-card-content-header\">\n                            <div class=\"satellite-center-card-content-name\">\n                                <div class=\"satellite-center-card-content-button\">\n                                    <svg xmlns=\"http:\/\/www.w3.org\/2000\/svg\" width=\"16\" height=\"16\"><path fill-rule=\"evenodd\" clip-rule=\"evenodd\" d=\"M10.0408 7.99976L6.66707 4.62598L5.95996 5.33308L8.62661 7.99976L5.95996 10.6664L6.66707 11.3735L10.0408 7.99976Z\" fill=\"white\"\/><\/svg>\n                                <\/div>\n                                <p class=\"satellite-center-card-content-title\">K35<\/p>\n                            <\/div>\n                            <div class=\"satellite-center-card-content-piktogramm\">\n                                <svg xmlns=\"http:\/\/www.w3.org\/2000\/svg\" viewbox=\"0 0 81.09 108.46\"><defs><style>.cls-1{fill:#fff;}<\/style><\/defs><g id=\"Ebene_2\" data-name=\"Ebene 2\"><g id=\"Ebene_1-2\" data-name=\"Ebene 1\"><path class=\"cls-1\" d=\"M81.09,56.39c-2.18.36-3,2.31-2.94,4.33,0-.81-.63-.48-.92-.95l.06.21a5.33,5.33,0,0,1-.9,4.68c-1.13,1.79-3.75,2.19-6.14,1.32-2.43-.6-6-3.87-8.56-2.82-1.46-3.75-5.54-5.83-8.4-8.24a16.31,16.31,0,0,1-4.15-5.16c-1.09-2.49-.39-4,.21-6.38a6.37,6.37,0,0,0,2,6.38c-1-1.56-1.37-4.23-.34-5.82s3.07-2.74,1.76-5.07a4,4,0,0,1,2.37,4.25c1-2.82,1.58-5.47-.51-8.14a6.1,6.1,0,0,1,1.25-3c1.81-2.26,4.26-5.25,3-8.44a8.43,8.43,0,0,1,.76-2.07L60,20.6a5.58,5.58,0,0,0,.13-4.82,5,5,0,0,0-1.74-2,2.59,2.59,0,0,1-.64-1.46,3.29,3.29,0,0,1-.09-.64,5,5,0,0,0-1.16-3.5A2.87,2.87,0,0,0,55,7.2a2.62,2.62,0,0,0-.32-.94l-.42-.58c-.37-.63-1.63-.44-1.73-.25,0,0-.16-.2-.34-.4l0,0c-.1-.45,0-1.25-.83-1.52a1.84,1.84,0,0,0-.74,0c-1.06.27-2.09.82-2.85.15-.24-.41-.59-1.5-1.49-1.41a1.49,1.49,0,0,0-.92.14,1.49,1.49,0,0,0-.58-1.14A2.9,2.9,0,0,0,43.6,1a8,8,0,0,1-.73-.41A8.13,8.13,0,0,0,42.15,0c-.06.08-.22.7-.32.75L41.54,1c-.59.29-1.42,1.09-1.12,1.94a2.64,2.64,0,0,0,.86,1.22,3.72,3.72,0,0,0,.48.41c-.21,0-.43,0-.63,0a4.31,4.31,0,0,0-1.46.25,12.56,12.56,0,0,0-3.45,2.39c-1.3.93-2.21,2-4,1.72a1.69,1.69,0,0,0-.52,2.42v.06a2.73,2.73,0,0,0-.89.72c-.4.86.33,2.44,1.31,2.29.8-.19,1.17-.76,1.71-.7-.27.07-2.26.9-1.18,2.61,1.78,1.48,2.62.56,2.68.37a17,17,0,0,1,1.21-1.21c8.69-2.5,9.53.18,3.82,4.69-4.53,3.19-9.24,6.62-12.47,11.24A17.43,17.43,0,0,0,26.66,35a10,10,0,0,1-3.23-2.22c-1.4-1.69-4.34-1.7-6.36-2-2.83-.48-5.76-1.38-8.64-1.46a8.81,8.81,0,0,0-5.24,1.55c-.51.35-3,1.63-3.15,2.05-.33.89,1.28.85,1.83.88a5.25,5.25,0,0,0,2.8-.38c.78-.42.79-1.17,1.53-1.55.06.35.41.74.47,1.09.92,0,1.84-.48,2.75-.53,1.76-.1,3.43.42,5.21.42s3.55,0,5,1.06c2.41,1.75,5,8,6.82,11.39a13.75,13.75,0,0,0-8.69,7.88c-1.29,3.4-3.14,6.73-3.18,10.6a16.28,16.28,0,0,0,.83,3.61c.31,1.29.17,3.24.78,4.35a5.93,5.93,0,0,0,2.61-3.9c.07-1.51-1.36-2.34-1.58-3.69a.88.88,0,0,1-.05-.15,1.64,1.64,0,0,1,.88-.26c.58-.09.75-.9.67-1.23-.14-2.56.64-7.06,2.24-9.16,2-2.57,6.14.14,8.76-1-.74.34,1.67,6.62,3,8.14,1.82,2.1,5.73,4.7,8.59,5.16.4.06-1.76,1.86-2,2-1.71.72-4,.51-5.37,1.72-1.54,1.34-1.78,3.68-2.31,5.54-.83,2.87.12,5.6,1.59,8.07.9,1.51,2.15,3,1.19,4.72-1.88,3-6.87,1.84-8.78,4.9-1.06,1.7-3.78,3-4.26,5-.38,1.54,2.12,1,2.9.86,1.94-.46,2.15-1.52,2.26-3.58,1.48.72,1.64.3,2.41-.76a10.83,10.83,0,0,1,1-.85,17.2,17.2,0,0,1,3.25-1.47,30.39,30.39,0,0,0,3.51-.94c1.43-.28,3.5-1.79,3.24-3.1a2.46,2.46,0,0,0,0-1.08,7.91,7.91,0,0,0-.26-1.32c-2.54-7.42,1.18-6.28,6.55-8.36a4.75,4.75,0,0,0,1.27-1.06c1.45,4.47,5.05,7.71,8.89,10.19,1.06,1.26,3.11,2.78,5,4.71,1.26,1.37,2.33,2.7,3.19,3.83,1.31,2.4,4.19,4.7,3,7.74-.7,2.07-2.16,3.88-2.12,6.17,1.3-.21,5.94-1.46,5-3.58-.46-1,.12-2,.34-3a.26.26,0,0,0,0,.09c.48-.72,0-2.1-.72-3-.09-.16-.16-.33-.24-.5a40.57,40.57,0,0,1-1.28-4.84c-.16-.81-.27-1.65-.45-2.5-.34-2.63-3.26-3.25-4.29-5a16.14,16.14,0,0,1-2.18-6.13c-.81-4.25.5-8.22.44-12.46a7.38,7.38,0,0,0,3.56,5c3.1,1.92,11.83-.44,12.48-4.12C80.91,65.12,77.62,59.31,81.09,56.39Z\"><\/path><\/g><\/g><\/svg>                            <\/div>\n                        <\/div>\n                        <p class=\"satellite-center-card-content-text\">K\u00f6nigstrasse 35<\/p>\n                    <\/div>\n                <\/a>\n                    <\/div>\n\n        <div class=\"satellite-carousel-controls\" style=\"display: flex; justify-content: flex-end; gap: 10px; margin-top: 15px;\">\n            <div class=\"satellite-carousel-arrow-circle\" onclick=\"satelliteScrollCarousel(this, -1)\">\n                <svg xmlns=\"http:\/\/www.w3.org\/2000\/svg\" width=\"24\" height=\"24\"><path fill-rule=\"evenodd\" clip-rule=\"evenodd\" d=\"M8.939 12L14 6.94l1.061 1.06L11.061 12 15.06 16l-1.06 1.06L8.939 12z\" fill=\"white\"\/><\/svg>\n            <\/div>\n            <div class=\"satellite-carousel-arrow-circle\" onclick=\"satelliteScrollCarousel(this, 1)\">\n                <svg xmlns=\"http:\/\/www.w3.org\/2000\/svg\" fill=\"white\" viewBox=\"0 0 16 16\"><path d=\"M10.04 8L6.667 4.626l-.707.708L8.707 8l-2.747 2.666.707.707L10.04 8z\"\/><\/svg>\n            <\/div>\n        <\/div>\n    <\/div>\n\n    <script>\n    function satelliteScrollCarousel(el, direction) {\n        const wrapper = el.closest('.satellite-carousel-wrapper');\n        const track = wrapper.querySelector('.satellite-carousel-track');\n        const scrollAmount = 350;\n        track.scrollBy({ left: direction * scrollAmount, behavior: 'smooth' });\n    }\n\t\t\n\t\/\/ Init bei DOM-Ready\n\tdocument.addEventListener('DOMContentLoaded', function () {\n\t\tconst wrappers = document.querySelectorAll('.satellite-carousel-wrapper');\n\n\t\twrappers.forEach(wrapper => {\n\t\t\tcheckCarouselOverflow(wrapper);\n\n\t\t\t\/\/ Reagiere auf Resize (auch bei Mobile-Drehung)\n\t\t\tconst resizeObserver = new ResizeObserver(() => checkCarouselOverflow(wrapper));\n\t\t\tresizeObserver.observe(wrapper);\n\n\t\t\t\/\/ Optional: Scroll-\u00c4nderungen beobachten, wenn Cards dynamisch raus-\/rein-gescrollt werden\n\t\t\twrapper.querySelector('.satellite-carousel-track').addEventListener('scroll', () => {\n\t\t\t\tcheckCarouselOverflow(wrapper);\n\t\t\t});\n\t\t});\n\t});\n\n    \/\/ Debug-Ausgabe in der Konsole\n    console.log('%c\ud83d\udd0d Satellite Debug:', 'color: green; font-weight: bold;');\n    console.log({\n    \"current_lang\": \"en\",\n    \"acf_selected_city_title\": \"Stuttgart\",\n    \"matched_city_ids_by_title\": [\n        8693,\n        1115\n    ],\n    \"total_locations_found\": 2,\n    \"filtered_locations\": [\n        {\n            \"id\": 8660,\n            \"title\": \"K35\",\n            \"lang\": \"en\"\n        }\n    ]\n});\n    <\/script>\n    \n\t\t\t<a href=\"https:\/\/www.satelliteoffice.de\/en\/locations\/\" target=\"_self\">\n\t\t\t\t\t\t\tAlle Standorte\n\t\t\t\t\t<\/a>\n<h2>\n\t\t\tJetzt Buchung anfragen\t<\/h2>\n\t    <div class=\"ansprechpartner-container\">\n      <div class=\"asp-image\" style=\"background: url('https:\/\/www.satelliteoffice.de\/wp-content\/uploads\/2025\/06\/Directors_2560x1708_Isabel_2.jpg') lightgray 50% \/ cover no-repeat;\"><\/div>\n\n            <div class=\"asp-content\">\n        <div class=\"asp-header\">\n          <div class=\"asp-subtitle\">Your contact in Stuttgart.<\/div>\n          <div class=\"asp-name\">Isabel Intrup<\/div>\n        <\/div>\n        <div class=\"asp-text\">Welcome to Stuttgart. I will be happy to answer any questions you may have about our Satellite Office in Stuttgart. We look forward to your call or contact.  <\/div>\n\n                <div class=\"asp-cta\">\n\t\t\t<a href=\"tel:+49 711 99871505\">\n\t\t\t  <svg xmlns=\"http:\/\/www.w3.org\/2000\/svg\" width=\"18\" height=\"18\" viewBox=\"0 0 18 18\" fill=\"none\">\n\t\t\t\t<path d=\"M3.5625 7.3125V7.125C3.5625 4.32906 5.99696 2.0625 9 2.0625C12.0031 2.0625 14.4375 4.32906 14.4375 7.125V7.3125M9 14.7322V15.9375H11.25C13.114 15.9375 14.625 14.4265 14.625 12.5625M3.1875 7.3125H4.3125V12.1875H3.1875C2.56618 12.1875 2.0625 11.6838 2.0625 11.0625V8.4375C2.0625 7.8162 2.56618 7.3125 3.1875 7.3125ZM13.6875 7.3125H14.8125C15.4338 7.3125 15.9375 7.8162 15.9375 8.4375V11.0625C15.9375 11.6838 15.4338 12.1875 14.8125 12.1875H13.6875V7.3125Z\" stroke=\"white\" stroke-width=\"1.125\" stroke-linecap=\"square\"\/>\n\t\t\t  <\/svg>\n\t\t\t  +49 711 99871505\t\t\t<\/a>\n        <\/div>\n              <\/div>\n          <\/div>\n    \n    <h6>Bitte nehmen Sie Kontakt mit uns auf<\/h6>\n    <form method=\"post\">\n      <!-- Zeile 1 -->\n          <label for=\"vorname\">Vorname<\/label>\n          <input type=\"text\" id=\"vorname\" name=\"vorname\" placeholder=\"Vorname\" \/>\n          <label for=\"zuname\">Nachname<\/label>\n          <input type=\"text\" id=\"zuname\" name=\"zuname\" placeholder=\"Nachname\" \/>\n      <!-- Zeile 2 -->\n          <label for=\"firma\">Firmenname<\/label>\n          <input type=\"text\" id=\"firma\" name=\"firma\" placeholder=\"Firmenname\" \/>\n      <!-- Zeile 3 -->\n          <label for=\"email\">E-Mail<\/label>\n          <input type=\"email\" id=\"email\" name=\"email\" placeholder=\"E-Mail\" \/>\n          <label for=\"telefon\">Telefon<\/label>\n          <input type=\"tel\" id=\"telefon\" name=\"telefon\" placeholder=\"Telefon\" \/>\n      <!-- Zeile 4 -->\n          <label for=\"standort\">Standort<\/label>\n          <select id=\"standort\" name=\"standort\">\n            <option disabled selected>Standort ausw\u00e4hlen<\/option>\n            <option>Berlin<\/option>\n            <option>Kurf\u00fcrstendamm 15<\/option>\n            <option>Kurf\u00fcrstendamm 194<\/option>\n            <option>Unter den Linden 10<\/option>\n            <option>Franz\u00f6sischestr. 12<\/option>\n            <option>Hamburg<\/option>\n            <option>Ballindamm 27<\/option>\n            <option>Neuer Wall 10<\/option>\n            <option>M\u00fcnchen<\/option>\n            <option>Alte Hopfenpost<\/option>\n            <option>Ludwigstr. 8<\/option>\n            <option>D\u00fcsseldorf<\/option>\n            <option>K\u00f6nigsallee 27<\/option>\n            <option>Stuttgart<\/option>\n            <option>K\u00f6nigstr. 35<\/option>\n            <option>Frankfurt am Main<\/option>\n            <option>Opernplatz 14<\/option>\n            <option>Mainzer Landstr. 10<\/option>\n          <\/select>\n      <!-- Zeile 5 -->\n          <label for=\"produkt\">Produkt<\/label>\n          <select name=\"produkt\" id=\"produkt\" onchange=\"toggleKonferenzraumFields(this.value)\">\n            <option disabled selected>Produkt ausw\u00e4hlen<\/option>\n            <option>B\u00fcros<\/option>\n            <option>Gesch\u00e4ftsadresse<\/option>\n            <option>Konferenzraum<\/option>\n          <\/select>\n      <!-- Konferenzraum Zusatzfelder -->\n            <label for=\"startdatum\">Startdatum<\/label>\n            <input type=\"date\" id=\"startdatum\" name=\"startdatum\" \/>\n            <label for=\"startzeit\">Uhrzeit<\/label>\n            <input type=\"time\" id=\"startzeit\" name=\"startzeit\" \/>\n            <label for=\"enddatum\">Enddatum<\/label>\n            <input type=\"date\" id=\"enddatum\" name=\"enddatum\" \/>\n            <label for=\"endzeit\">Uhrzeit<\/label>\n            <input type=\"time\" id=\"endzeit\" name=\"endzeit\" \/>\n      <!-- Zeile 6 -->\n          <label for=\"nachricht\">Nachricht<\/label>\n          <textarea id=\"nachricht\" name=\"nachricht\" placeholder=\"Nachricht\"><\/textarea>\n      <!-- Zeile 7 -->\n        <label><input type=\"checkbox\" name=\"checkbox1\" \/> Hiermit erkl\u00e4re ich mich einverstanden, dass die Satellite Office GmbH mich per Newsletter \u00fcber aktuelle Angebote, Produktneuheiten und neue Beitr\u00e4ge informieren darf. Diese Einwilligung kann ich jederzeit widerrufen.  <\/label>\n      <!-- Zeile 8 -->\n        <label><input type=\"checkbox\" name=\"checkbox2\" \/> Ich habe die Datenschutzerkl\u00e4rung zur Kenntnis genommen. Ich stimme zu, dass meine Angaben und Daten zur Beantwortung meiner Anfrage elektronisch erhoben und gespeichert werden. Hinweis: Sie k\u00f6nnen Ihre Einwilligung jederzeit f\u00fcr die Zukunft per E-Mail an datenschutz(at)satelliteoffice(dot)de widerrufen.<\/label>\n      <!-- Zeile 9 -->\n        <button type=\"submit\">Absenden<\/button>\n    <\/form>\n\n","protected":false},"excerpt":{"rendered":"<p>Business Center in Stuttgart Stuttgart Ihr Business Center in Stuttgart &#8211;flexibel und repr\u00e4sentativ Brosch\u00fcre Angebot anfordern Flexible B\u00fcromiete &#8211; Stilvolle B\u00fcror\u00e4ume stunden-, tage- oder monatsweise buchen. Virtual Office &amp; Gesch\u00e4ftsadresse &#8211; Repr\u00e4sentative Adresse mit B\u00fcroservice Telefon- und B\u00fcroservice &#8211; Professionelle Anrufe, Postannahme und Empfang vor Ort. Konferenzr\u00e4ume zur Miete &#8211; Moderne R\u00e4ume f\u00fcr Meetings, Workshops&hellip;<\/p>\n","protected":false},"author":1,"featured_media":2755,"parent":8954,"menu_order":0,"comment_status":"closed","ping_status":"closed","template":"","meta":{"_acf_changed":false,"_seopress_robots_primary_cat":"","_seopress_titles_title":"Business Center in Stuttgart Mitte | K\u00f6nigstra\u00dfe 35 | Satellite Office","_seopress_titles_desc":"Business Center in Stuttgart: Whether individual, team, executive office or impressive meeting room: Satellite Office has the right solution.","_seopress_robots_index":"","footnotes":""},"class_list":["post-8947","page","type-page","status-publish","has-post-thumbnail","hentry"],"acf":[],"_links":{"self":[{"href":"https:\/\/www.satelliteoffice.de\/en\/wp-json\/wp\/v2\/pages\/8947","targetHints":{"allow":["GET"]}}],"collection":[{"href":"https:\/\/www.satelliteoffice.de\/en\/wp-json\/wp\/v2\/pages"}],"about":[{"href":"https:\/\/www.satelliteoffice.de\/en\/wp-json\/wp\/v2\/types\/page"}],"author":[{"embeddable":true,"href":"https:\/\/www.satelliteoffice.de\/en\/wp-json\/wp\/v2\/users\/1"}],"replies":[{"embeddable":true,"href":"https:\/\/www.satelliteoffice.de\/en\/wp-json\/wp\/v2\/comments?post=8947"}],"version-history":[{"count":0,"href":"https:\/\/www.satelliteoffice.de\/en\/wp-json\/wp\/v2\/pages\/8947\/revisions"}],"up":[{"embeddable":true,"href":"https:\/\/www.satelliteoffice.de\/en\/wp-json\/wp\/v2\/pages\/8954"}],"wp:featuredmedia":[{"embeddable":true,"href":"https:\/\/www.satelliteoffice.de\/en\/wp-json\/wp\/v2\/media\/2755"}],"wp:attachment":[{"href":"https:\/\/www.satelliteoffice.de\/en\/wp-json\/wp\/v2\/media?parent=8947"}],"curies":[{"name":"wp","href":"https:\/\/api.w.org\/{rel}","templated":true}]}}