{"id":8772,"date":"2025-07-01T17:31:24","date_gmt":"2025-07-01T15:31:24","guid":{"rendered":"https:\/\/www.satelliteoffice.de\/coworking\/coworking-munich\/"},"modified":"2026-02-06T09:06:49","modified_gmt":"2026-02-06T08:06:49","slug":"munich","status":"publish","type":"page","link":"https:\/\/www.satelliteoffice.de\/en\/coworking\/munich\/","title":{"rendered":"Coworking Munich"},"content":{"rendered":"\n<h1>\n\t\t\tCoworking Space <br \/> in M\u00fcnchen\t<\/h1>\n\t<h2>Deep Work Coworking Space in der<\/h2>\n<h2>Maxvorstadt und am Hauptbahnhof<\/h2>\n\t\t\t<a href=\"#kontakt\" target=\"_self\">\n\t\t\t\t\t\t\tAngebot sichern\n\t\t\t\t\t<\/a>\n        Premium Coworking Spaces in M\u00fcnchen &#8211; in der Maxvorstadt und am Hauptbahnhof      \n        Flex Desk &amp; Fix Desk &#8211; Flexible oder feste Arbeitspl\u00e4tze im Shared Office      \n        Coworking Membership ab 99\u202f\u20ac &#8211; Zugang zu allen Satellite Office Coworking Spaces      \n        pureSilent\u00ae Raumkonzept &#8211; Ruhezonen und Break-out Areas f\u00fcr maximale Produktivit\u00e4t      \n        Starkes Netzwerk &amp; pureCom Events &#8211; Werden Sie Teil einer exklusiven Community      \n\t<p><strong>Coworking 2.0 oder aber Zusammenarbeiten neu interpretiert.<\/strong><\/p>\n<p>Viel L\u00e4rm, viele Menschen und wenige R\u00fcckzugsorte: Das ist die wohl bekannte klassische Co-Working-Methode in M\u00fcnchen. Daher entwickelte Satellite Office ein Raumkonzept, das sich weitestgehend auf die Grundelemente konzentriert und den Co-Working-Aspekt neu interpretiert. Dank dieses Konzeptes ist es nun auch m\u00f6glich, sich auf das Arbeiten in offenen Arbeitsbereichen zu konzentrieren &#8211; mit Distanz- und R\u00fcckzugsm\u00f6glichkeiten, wie gesch\u00fctzte Ruhezonen zur Maximierung der Produktivit\u00e4t, agiles Arbeiten oder Team-Arbeit. Inklusive Highspeed-WLAN. Wenn Sie mit anderen Menschen kommunizieren m\u00f6chten, besuchen Sie einfach unser gut ausgestattetes, schlichtes und elegantes Bistro oder eine der Lounges. Maximale Flexibilit\u00e4t &#8211; maximaler Service. Starten Sie jetzt!<\/p>\n<p>Und mit der Membershipkarte erhalten Sie nicht nur Zutritt zu allen Satellite Office Coworking Spaces, sondern auch Zugang zu einem sehr feinen Netzwerkkreis in Deutschland und der Schweiz.<\/p>\n                    <img decoding=\"async\" src=\"https:\/\/www.satelliteoffice.de\/wp-content\/uploads\/2025\/03\/AHOPO-38.webp\" alt=\"Gallery Image\"\/>\n                    <img decoding=\"async\" src=\"https:\/\/www.satelliteoffice.de\/wp-content\/uploads\/2025\/03\/AHOPO-33.webp\" alt=\"Gallery Image\"\/>\n                    <img decoding=\"async\" src=\"https:\/\/www.satelliteoffice.de\/wp-content\/uploads\/2025\/03\/AHOPO-43.webp\" alt=\"Gallery Image\"\/>\n                    <img decoding=\"async\" src=\"https:\/\/www.satelliteoffice.de\/wp-content\/uploads\/2025\/03\/AHOPO-26.webp\" alt=\"Gallery Image\"\/>\n                            <img decoding=\"async\" src=\"https:\/\/www.satelliteoffice.de\/wp-content\/uploads\/2025\/03\/AHOPO-38.webp\" alt=\"Gallery Image\"\/>\n                    <img decoding=\"async\" src=\"https:\/\/www.satelliteoffice.de\/wp-content\/uploads\/2025\/03\/AHOPO-33.webp\" alt=\"Gallery Image\"\/>\n                    <img decoding=\"async\" src=\"https:\/\/www.satelliteoffice.de\/wp-content\/uploads\/2025\/03\/AHOPO-43.webp\" alt=\"Gallery Image\"\/>\n                    <img decoding=\"async\" src=\"https:\/\/www.satelliteoffice.de\/wp-content\/uploads\/2025\/03\/AHOPO-26.webp\" alt=\"Gallery Image\"\/>\n                    <img decoding=\"async\" src=\"https:\/\/www.satelliteoffice.de\/wp-content\/uploads\/2025\/03\/2021_06_10_A9_7214.webp\" alt=\"Gallery Image\"\/>\n                    <img decoding=\"async\" src=\"https:\/\/www.satelliteoffice.de\/wp-content\/uploads\/2025\/03\/2021_06_10_A9_7078.webp\" alt=\"Gallery Image\"\/>\n                    <img decoding=\"async\" src=\"https:\/\/www.satelliteoffice.de\/wp-content\/uploads\/2025\/03\/2021_06_10_A9_7167.webp\" alt=\"Gallery Image\"\/>\n                    <img decoding=\"async\" src=\"https:\/\/www.satelliteoffice.de\/wp-content\/uploads\/2025\/03\/2021_06_10_A9_7036.webp\" alt=\"Gallery Image\"\/>\n                            <img decoding=\"async\" src=\"https:\/\/www.satelliteoffice.de\/wp-content\/uploads\/2025\/03\/2021_06_10_A9_7214.webp\" alt=\"Gallery Image\"\/>\n                    <img decoding=\"async\" src=\"https:\/\/www.satelliteoffice.de\/wp-content\/uploads\/2025\/03\/2021_06_10_A9_7078.webp\" alt=\"Gallery Image\"\/>\n                    <img decoding=\"async\" src=\"https:\/\/www.satelliteoffice.de\/wp-content\/uploads\/2025\/03\/2021_06_10_A9_7167.webp\" alt=\"Gallery Image\"\/>\n                    <img decoding=\"async\" src=\"https:\/\/www.satelliteoffice.de\/wp-content\/uploads\/2025\/03\/2021_06_10_A9_7036.webp\" alt=\"Gallery Image\"\/>\n\t    <div class=\"satellite-adresses\">\n        <div class=\"satellite-adress-header\">\n            Top addresses in Munich        <\/div>\n\n        <div class=\"satellite-adress-nav\">\n                            <div class=\"satellite-adress-subnav\">\n                    <div class=\"satellite-adress-name\">MAXI14<\/div>\n                    <div class=\"satellite-adress\">Maximilianstrasse 14<\/div>\n                <\/div>\n                            <div class=\"satellite-adress-subnav\">\n                    <div class=\"satellite-adress-name\">Villa Goethe<\/div>\n                    <div class=\"satellite-adress\">Goethestrasse 54<\/div>\n                <\/div>\n                            <div class=\"satellite-adress-subnav\">\n                    <div class=\"satellite-adress-name\">Ludwigpalais<\/div>\n                    <div class=\"satellite-adress\">Ludwigstrasse 8<\/div>\n                <\/div>\n                            <div class=\"satellite-adress-subnav\">\n                    <div class=\"satellite-adress-name\">Alte Hopfenpost<\/div>\n                    <div class=\"satellite-adress\">Rundfunkplatz 2<\/div>\n                <\/div>\n                    <\/div>\n    <\/div>\n    \n        Master\n          Ab 99\u20ac\n          Member of Satellite Office Community\n          Zugang zu stylischen Bistro- &#038; Loungebereichen\n          Begr\u00fc\u00dfung ihrer G\u00e4ste\n          Internetflat \/ Free WiFi\n          Ladeger\u00e4te \/ Steckdosen f\u00fcr Laptop &#038; Smartphones\n          Adminsistrative Unterst\u00fctzung durch Sekretariat\n          Einladung zu exklusiven Networking-Events\n          Ergonomische Design-B\u00fcrom\u00f6bel\n    <button><a href=\"#kontakt\">Membership Anfragen<\/a><\/button>\n        Ambassador\n          Ab 109\u20ac\n          Member of Satellite Office Community\n          Zugang zu stylischen Bistro- &#038; Loungebereichen\n          Begr\u00fc\u00dfung ihrer G\u00e4ste\n          Internetflat \/ Free WiFi\n          Ladeger\u00e4te \/ Steckdosen f\u00fcr Laptop &#038; Smartphones\n          Adminsistrative Unterst\u00fctzung durch Sekretariat\n          Einladung zu exklusiven Networking-Events\n          Ergonomische Design-B\u00fcrom\u00f6bel\n          Social Networking in casual luxuruy workspaces\n          Reinigung und Instandhaltung\n          Nutzung eines flexiblen Arbeitsplatzes w\u00e4hrend der \u00d6ffnungszeiten 5 Tage, 10 Tage oder 1 Monat\n          10% Rabatt auf Meeting- &#038; Konferenzr\u00e4ume\n          Optionaler 24\/7 Access (+190\u20ac)\n    <button><a href=\"#kontakt\">Membership Anfragen<\/a><\/button>\n        Senator\n          Ab 189\u20ac\n          Member of Satellite Office Community\n          Zugang zu stylischen Bistro- &#038; Loungebereichen\n          Begr\u00fc\u00dfung ihrer G\u00e4ste\n          Internetflat \/ Free WiFi\n          Ladeger\u00e4te \/ Steckdosen f\u00fcr Laptop &#038; Smartphones\n          Adminsistrative Unterst\u00fctzung durch Sekretariat\n          Einladung zu exklusiven Networking-Events\n          Ergonomische Design-B\u00fcrom\u00f6bel\n          Social Networking in casual luxuruy workspaces\n          Reinigung und Instandhaltung\n          Nutzung eines flexiblen Arbeitsplatzes w\u00e4hrend der \u00d6ffnungszeiten 5 Tage, 10 Tage oder 1 Monat\n          10% Rabatt auf Meeting- &#038; Konferenzr\u00e4ume\n          Optionaler 24\/7 Access (+190\u20ac)\n          Member of Satellite Office Community\n    <button><a href=\"#kontakt\">Membership Anfragen<\/a><\/button>\n<h2>\n\t\t\tWarum Satellite Office?\t<\/h2>\n<a href=\"#kontakt\">\n        <img decoding=\"async\" src=\"https:\/\/b144i76.myrdbx.io\/wp-content\/uploads\/2025\/03\/Size18-Typechevron-right-small.svg\"\/>\n        <p>Satellite Office Membership<\/p>\n      <p>Zutritt zu allen Satellite Office Coworking Spaces<\/p>\n<\/a>\n\t<strong data-start=\"144\" data-end=\"174\">Coworking Space in M\u00fcnchen<\/strong> &#8211; im eleganten Ludwigpalais oder in der Alten Hopfenpost, mitten in der Innenstadt oder in der Maxvorstadt. Unsere flexiblen Coworking-Mitgliedschaften vereinen pureSilent\u00ae-Design, Highspeed-Internet und modernste Ausstattung mit einem stilvollen Ambiente. Ideal f\u00fcr konzentriertes Arbeiten, kreativen Austausch und inspirierende Pausen &#8211; flexibel buchbar und sofort verf\u00fcgbar.\n\t\t\t\tWas unterscheidet Satellite Office von anderen Coworking Spaces in M\u00fcnchen?\n\t\t\t\t<p>Satellite Office steht f\u00fcr <strong data-start=\"418\" data-end=\"449\">Casual. Luxury. Workspaces.<\/strong> &#8211; und damit f\u00fcr weit mehr als nur geteilte Schreibtische. Mit dem preisgekr\u00f6nten pureSilent\u00ae-Konzept bieten wir Ihnen R\u00fcckzugsorte, die Konzentration und Deep Work f\u00f6rdern. Statt Gro\u00dfraumb\u00fcros erwartet Sie eine ruhige, stilvolle Atmosph\u00e4re mit Concierge-Service, modernen Konferenzr\u00e4umen und einer starken Business-Community.<\/p>\n\t\t\t\tWelche Standorte bietet Satellite Office f\u00fcr Coworking in M\u00fcnchen?\n\t\t\t\tWir sind an zwei Premium-Adressen vertreten:\n<ul data-start=\"981\" data-end=\"1150\">\n<li data-start=\"981\" data-end=\"1071\">\n<strong data-start=\"983\" data-end=\"1002\">Alte Hopfenpost<\/strong>, Hopfenstra\u00dfe 8 \/ Rundfunkplatz 2 &#8211; nur 3 Minuten vom Hauptbahnhof\n<\/li>\n<li data-start=\"1072\" data-end=\"1150\">\n<strong data-start=\"1074\" data-end=\"1090\">Ludwigpalais<\/strong>, Ludwigstra\u00dfe 8 &#8211; im Herzen von M\u00fcnchen, nahe Odeonsplatz\n<\/li>\n<\/ul>\nBeide Standorte zeichnen sich durch exzellente Lage, preisgekr\u00f6ntes Interior Design und modernste Ausstattung aus.\n\t\t\t\tWelche Vorteile habe ich als Mitglied im Satellite Office Coworking Space?\n\t\t\t\tAls Mitglied profitieren Sie von:\n<ul data-start=\"1469\" data-end=\"1885\">\n<li data-start=\"1469\" data-end=\"1535\">\n<strong data-start=\"1471\" data-end=\"1533\">10\u202f% Rabatt auf Buchungen von Konferenz- und Meetingr\u00e4umen<\/strong>\n<\/li>\n<li data-start=\"1536\" data-end=\"1593\">\nZugang zu allen Satellite Office Standorten in Europa\n<\/li>\n<li data-start=\"1594\" data-end=\"1672\">\nEinladungen zu exklusiven Networking-Events wie unseren <strong data-start=\"1652\" data-end=\"1670\">pureCom-Events<\/strong>\n<\/li>\n<li data-start=\"1673\" data-end=\"1726\">\nConcierge-Service und erstklassiger B\u00fcroassistenz\n<\/li>\n<li data-start=\"1727\" data-end=\"1885\">\neiner starken Community aus Unternehmer:innen, F\u00fchrungskr\u00e4ften und Professionals\n<\/li>\n<\/ul>\n\t\t\t\tWas kostet ein Coworking-Arbeitsplatz in M\u00fcnchen?\n\t\t\t\tDie Kosten h\u00e4ngen von der gew\u00fcnschten Flexibilit\u00e4t ab: Tagesp\u00e4sse f\u00fcr spontanes Arbeiten, flexible Monatsmitgliedschaften oder ma\u00dfgeschneiderte Pakete f\u00fcr Unternehmen. Gerne erstellen wir Ihnen ein individuelles Angebot.\n\t\t\t\tWas ist das pureSilent\u00ae-Konzept?\n\t\t\t\t<p>pureSilent\u00ae ist ein speziell entwickeltes Raum- und Designkonzept, das Ruhe und Konzentration f\u00f6rdert. Es kombiniert schallgesch\u00fctzte Zonen, ergonomisches Mobiliar, harmonische Beleuchtung und nat\u00fcrliche Materialien &#8211; perfekt f\u00fcr Deep Work und hybride Arbeitsmodelle.<\/p>\n\t\t\t\tWer nutzt Coworking bei Satellite Office?\n\t\t\t\t<p>Unsere Kunden sind Unternehmer:innen, Rechtsanw\u00e4lte, Consultants, internationale Unternehmen und Start-ups &#8211; alle mit h\u00f6chsten Anspr\u00fcchen an Professionalit\u00e4t, Privatsph\u00e4re und ein repr\u00e4sentatives Umfeld.<\/p>\n<h2>\n\t\t\tWeitere Services in M\u00fcnchen\t<\/h2>\n                  <a href=\"https:\/\/www.satelliteoffice.de\/en\/rent-an-office\/munich\/\" role=\"listitem\">\n                    <!-- Pfeil-Icon -->\n                  \n                    B\u00fcros mieten in M\u00fcnchen                  \n                \n                  Flexible B\u00fcror\u00e4ume in M\u00fcnchen                \n          <\/a>\n                  <a href=\"https:\/\/www.satelliteoffice.de\/en\/conference-rooms\/munich\/\" role=\"listitem\">\n                    <!-- Pfeil-Icon -->\n                  \n                    Konferenzr\u00e4ume in M\u00fcnchen                  \n                \n                  Exklusive Meetingr\u00e4ume in M\u00fcnchen                \n          <\/a>\n                  <a href=\"https:\/\/www.satelliteoffice.de\/en\/virtual-office\/munich\/\" role=\"listitem\">\n                    <!-- Pfeil-Icon -->\n                  \n                    Virtual Office in M\u00fcnchen                  \n                \n                  Erstklassige Adresse mit B\u00fcroservice                \n          <\/a>\n                  <a href=\"https:\/\/www.satelliteoffice.de\/en\/seminar-room-training-room\/munich\/\" role=\"listitem\">\n                    <!-- Pfeil-Icon -->\n                  \n                    Seminarr\u00e4ume in M\u00fcnchen                  \n                \n                  R\u00e4ume f\u00fcr Schulungen &amp; Workshops                \n          <\/a>\n                  <a href=\"https:\/\/www.satelliteoffice.de\/en\/office-service\/munich\/\" role=\"listitem\">\n                    <!-- Pfeil-Icon -->\n                  \n                    B\u00fcroservice in M\u00fcnchen                  \n                \n                  Telefonservice &amp; Postservice                \n          <\/a>\n                  <a href=\"https:\/\/www.satelliteoffice.de\/en\/business-address\/munich\/\" role=\"listitem\">\n                    <!-- Pfeil-Icon -->\n                  \n                    Gesch\u00e4ftsadresse in M\u00fcnchen                  \n                \n                  Ladungsf\u00e4hige Adresse f\u00fcr Ihr Business                \n          <\/a>\n    <!-- Controls -->\n      <button type=\"button\" aria-label=\"Zur\u00fcck\">\n      <\/button>\n      <button type=\"button\" aria-label=\"Weiter\">\n      <\/button>\n<h2>\n\t\t\tWeitere Standorte in M\u00fcnchen\t<\/h2>\n\t<p>Keine passenden Standorte gefunden.<\/p>\n\t\t\t<a href=\"https:\/\/www.satelliteoffice.de\/en\/locations\/\" target=\"_self\">\n\t\t\t\t\t\t\tAlle Standorte\n\t\t\t\t\t<\/a>\n<h2>\n\t\t\tJetzt Buchung anfragen\t<\/h2>\n\t    <div class=\"ansprechpartner-container\">\n      <div class=\"asp-image\" style=\"background: url('https:\/\/www.satelliteoffice.de\/wp-content\/uploads\/2025\/08\/Directors_2560x1708_Rupprecht.webp') lightgray 50% \/ cover no-repeat;\"><\/div>\n\n            <div class=\"asp-content\">\n        <div class=\"asp-header\">\n          <div class=\"asp-subtitle\">Your contact in Munich.<\/div>\n          <div class=\"asp-name\">Philipp Rupprecht<\/div>\n        <\/div>\n        <div class=\"asp-text\">Hello in Munich. I will be happy to answer any questions you may have about our satellite offices in the metropolis on the Isar. I look forward to your call or contact.  <\/div>\n\n                <div class=\"asp-cta\">\n\t\t\t<a href=\"tel:+49 89 20 60 21 603\">\n\t\t\t  <svg xmlns=\"http:\/\/www.w3.org\/2000\/svg\" width=\"18\" height=\"18\" viewBox=\"0 0 18 18\" fill=\"none\">\n\t\t\t\t<path d=\"M3.5625 7.3125V7.125C3.5625 4.32906 5.99696 2.0625 9 2.0625C12.0031 2.0625 14.4375 4.32906 14.4375 7.125V7.3125M9 14.7322V15.9375H11.25C13.114 15.9375 14.625 14.4265 14.625 12.5625M3.1875 7.3125H4.3125V12.1875H3.1875C2.56618 12.1875 2.0625 11.6838 2.0625 11.0625V8.4375C2.0625 7.8162 2.56618 7.3125 3.1875 7.3125ZM13.6875 7.3125H14.8125C15.4338 7.3125 15.9375 7.8162 15.9375 8.4375V11.0625C15.9375 11.6838 15.4338 12.1875 14.8125 12.1875H13.6875V7.3125Z\" stroke=\"white\" stroke-width=\"1.125\" stroke-linecap=\"square\"\/>\n\t\t\t  <\/svg>\n\t\t\t  +49 89 20 60 21 603\t\t\t<\/a>\n        <\/div>\n              <\/div>\n          <\/div>\n    \n\tpost_title); ?>&#8221;\n     data-produkt=&#8221;<?php echo esc_attr(get_field('produktauswahl')); ?>&#8220;>\n    <h6>Kontaktformular<\/h6>\n        <form method=\"post\">\n          <!-- Zeile 1 -->\n              <label for=\"vorname\">Vorname<\/label>\n              <input type=\"text\" id=\"vorname\" name=\"vorname\" placeholder=\"Vorname\" \/>\n              <label for=\"zuname\">Nachname<\/label>\n              <input type=\"text\" id=\"zuname\" name=\"zuname\" placeholder=\"Nachname\" \/>\n          <!-- Zeile 2 -->\n              <label for=\"firma\">Firmenname<\/label>\n              <input type=\"text\" id=\"firma\" name=\"firma\" placeholder=\"Firmenname\" \/>\n          <!-- Zeile 3 -->\n              <label for=\"email\">E-Mail<\/label>\n              <input type=\"email\" id=\"email\" name=\"email\" placeholder=\"E-Mail\" \/>\n              <label for=\"telefon\">Telefon<\/label>\n              <input type=\"tel\" id=\"telefon\" name=\"telefon\" placeholder=\"Telefon\" \/>\n        <label for=\"standort\">Standort<\/label>\n        <!-- Sichtbarer Trigger -->\n          Standort ausw\u00e4hlen\n        <!-- Benutzerdefiniertes Dropdown -->\n            Berlin\n              Haus Cumberland\n              Kud15 Gloria Berlin\n              R\u00f6mischer Hof\n              Kaiserliche Postdirektion\n            Hamburg\n              Neuer Wall\n              Ballindamm\n            M\u00fcnchen\n              Alte Hopfenpost\n              Ludwigpalais\n              Villa Goethe\n            Frankfurt am Main\n              Opernplatz XIV\n              Villa Sander\n            D\u00fcsseldorf\n              Girardet Haus\n            Stuttgart\n              K35\n            Z\u00fcrich\n              Haus Gryffenberg\n              Z\u00fcrcherhof\n            Genf\n              Hotel de Banque\n            Milano\n              Hotel de Banque\n        <!-- Verstecktes Select-Feld f\u00fcrs Formular -->\n        <select id=\"standort\" name=\"standort\">\n          <option disabled selected>Standort ausw\u00e4hlen<\/option>\n          <option>Berlin<\/option>\n          <option>Haus Cumberland<\/option>\n          <option>Kud15 Gloria Berlin<\/option>\n          <option>R\u00f6mischer Hof<\/option>\n          <option>Kaiserliche Postdirektion<\/option>\n          <option>Hamburg<\/option>\n          <option>Neuer Wall<\/option>\n          <option>Ballindamm<\/option>\n          <option>M\u00fcnchen<\/option>\n          <option>Alte Hopfenpost<\/option>\n          <option>Ludwigpalais<\/option>\n          <option>Villa Goethe<\/option>\n          <option>Frankfurt am Main<\/option>\n          <option>Opernplatz XIV<\/option>\n          <option>Villa Sander<\/option>\n          <option>D\u00fcsseldorf<\/option>\n          <option>Girardet Haus<\/option>\n          <option>Stuttgart<\/option>\n          <option>K35<\/option>\n          <option>Z\u00fcrich<\/option>\n          <option>Haus Gryffenberg<\/option>\n          <option>Z\u00fcrcherhof<\/option>\n          <option>Genf<\/option>\n          <option>Hotel de Banque<\/option>\n          <option>Milano<\/option>\n        <\/select>\n          <!-- Zeile 5 -->\n              <label for=\"produkt\">Produkt<\/label>\n              <select name=\"produkt\" id=\"produkt\" onchange=\"toggleKonferenzraumFields(this.value)\">\n                <option disabled selected>Produkt ausw\u00e4hlen<\/option>\n                <option>B\u00fcros<\/option>\n                <option>Gesch\u00e4ftsadresse<\/option>\n                <option>Konferenzraum<\/option>\n                <option>Coworking \/ Membership<\/option>\n              <\/select>\n          <!-- Konferenzraum Zusatzfelder -->\n                <label for=\"startdatum\">Startdatum<\/label>\n                <input type=\"date\" id=\"startdatum\" name=\"startdatum\" \/>\n                <label for=\"startzeit\">Uhrzeit<\/label>\n                <input type=\"time\" id=\"startzeit\" name=\"startzeit\" \/>\n                <label for=\"enddatum\">Enddatum<\/label>\n                <input type=\"date\" id=\"enddatum\" name=\"enddatum\" \/>\n                <label for=\"endzeit\">Uhrzeit<\/label>\n                <input type=\"time\" id=\"endzeit\" name=\"endzeit\" \/>\n          <!-- Zeile 6 -->\n              <label for=\"nachricht\">Nachricht<\/label>\n              <textarea id=\"nachricht\" name=\"nachricht\" placeholder=\"Nachricht\"><\/textarea>\n          <!-- Zeile 7 -->\n            <label><input type=\"checkbox\" name=\"checkbox1\" \/> Hiermit erkl\u00e4re ich mich einverstanden, dass die Satellite Office GmbH mich per Newsletter \u00fcber aktuelle Angebote, Produktneuheiten und neue Beitr\u00e4ge informieren darf. Diese Einwilligung kann ich jederzeit widerrufen.  <\/label>\n          <!-- Zeile 8 -->\n            <label><input type=\"checkbox\" name=\"checkbox2\" \/> Ich habe die Datenschutzerkl\u00e4rung zur Kenntnis genommen. Ich stimme zu, dass meine Angaben und Daten zur Beantwortung meiner Anfrage elektronisch erhoben und gespeichert werden. Hinweis: Sie k\u00f6nnen Ihre Einwilligung jederzeit f\u00fcr die Zukunft per E-Mail an datenschutz(at)satelliteoffice(dot)de widerrufen.<\/label>\n            <input type=\"text\" name=\"customerjourney\" id=\"customerjourney\"\/> \n          <!-- Zeile 9 -->\n            <button type=\"submit\">Jetzt Anfragen<\/button>\n        <\/form>\n\n","protected":false},"excerpt":{"rendered":"","protected":false},"author":1,"featured_media":2143,"parent":8759,"menu_order":0,"comment_status":"closed","ping_status":"closed","template":"","meta":{"_acf_changed":false,"_seopress_robots_primary_cat":"","_seopress_titles_title":"Exclusive coworking in Munich | Satellite Office","_seopress_titles_desc":"Coworking in Munich with award-winning pureSilent space concept for deep work. Phonebooths\u2713 Networking\u2713 Elegant interior design\u2713 Top location\u2713 ","_seopress_robots_index":"","footnotes":""},"class_list":["post-8772","page","type-page","status-publish","has-post-thumbnail","hentry"],"acf":[],"_links":{"self":[{"href":"https:\/\/www.satelliteoffice.de\/en\/wp-json\/wp\/v2\/pages\/8772","targetHints":{"allow":["GET"]}}],"collection":[{"href":"https:\/\/www.satelliteoffice.de\/en\/wp-json\/wp\/v2\/pages"}],"about":[{"href":"https:\/\/www.satelliteoffice.de\/en\/wp-json\/wp\/v2\/types\/page"}],"author":[{"embeddable":true,"href":"https:\/\/www.satelliteoffice.de\/en\/wp-json\/wp\/v2\/users\/1"}],"replies":[{"embeddable":true,"href":"https:\/\/www.satelliteoffice.de\/en\/wp-json\/wp\/v2\/comments?post=8772"}],"version-history":[{"count":0,"href":"https:\/\/www.satelliteoffice.de\/en\/wp-json\/wp\/v2\/pages\/8772\/revisions"}],"up":[{"embeddable":true,"href":"https:\/\/www.satelliteoffice.de\/en\/wp-json\/wp\/v2\/pages\/8759"}],"wp:featuredmedia":[{"embeddable":true,"href":"https:\/\/www.satelliteoffice.de\/en\/wp-json\/wp\/v2\/media\/2143"}],"wp:attachment":[{"href":"https:\/\/www.satelliteoffice.de\/en\/wp-json\/wp\/v2\/media?parent=8772"}],"curies":[{"name":"wp","href":"https:\/\/api.w.org\/{rel}","templated":true}]}}